{"id":32,"date":"2012-05-18T21:43:07","date_gmt":"2012-05-18T19:43:07","guid":{"rendered":"https:\/\/wiki3.de\/wordpress\/?page_id=32"},"modified":"2026-03-15T18:52:07","modified_gmt":"2026-03-15T17:52:07","slug":"about-me-2","status":"publish","type":"page","link":"https:\/\/rainerstahl.de\/","title":{"rendered":"Rainer Stahl from Wachtberg"},"content":{"rendered":"<div id=\"attachment_229\" style=\"width: 503px\" class=\"wp-caption aligncenter\"><img loading=\"lazy\" decoding=\"async\" aria-describedby=\"caption-attachment-229\" class=\"wp-image-229\" title=\"Rainer Stahl\" src=\"https:\/\/wiki3.de\/wordpress\/wp-content\/uploads\/2012\/05\/Rainer Stahl.png\" alt=\"Rainer Stahl\" width=\"493\" height=\"657\" \/><p id=\"caption-attachment-229\" class=\"wp-caption-text\">Rainer Stahl<\/p><\/div>\n<p style=\"text-align: center;\"><strong><em>Why should I care at all?<\/em><\/strong><\/p>\n<p style=\"text-align: center;\"><em><strong>Rainer&#8217;s philosophy:<\/strong><\/em><\/p>\n<p style=\"text-align: center;\"><em><strong>&#8211; et es, wie et es.<\/strong><\/em><br \/>\n<em><strong>&#8211; m\u00e4ht nix!<\/strong><\/em><br \/>\n<em><strong>&#8211; et k\u00fctt, wie et k\u00fctt!<\/strong><\/em><br \/>\n<em><strong>&#8211; et h\u00e4t noch immer jot jejange.<\/strong><\/em><br \/>\n<em><strong>&#8211; wat fott es, es fott.<\/strong><\/em><br \/>\n<em><strong>&#8211; jede jeck es anders.<\/strong><\/em><br \/>\n<em><strong>&#8211; wat soll d\u00e4 quatsch?<\/strong><\/em><br \/>\n<em><strong>&#8211; hammer immer esu jemaat!<\/strong><\/em><br \/>\n<em><strong>&#8211; drink doch ene met! \u00a0\u00a0\u00a0 <\/strong><\/em><br \/>\n<em><strong>&#8211; hammer nit, bruche mer nit, &#8211; fott domet!<\/strong><\/em><\/p>\n<p align=\"center\"><em>use &#8220;Google Translate&#8221;<\/em> <img loading=\"lazy\" decoding=\"async\" class=\"alignnone size-full wp-image-250\" title=\"aa\" src=\"https:\/\/wiki3.de\/wordpress\/wp-content\/uploads\/2012\/05\/aa.gif\" alt=\"\" width=\"31\" height=\"31\" \/><\/p>\n","protected":false},"excerpt":{"rendered":"<p>Why should I care at all? Rainer&#8217;s philosophy: &#8211; et es, wie et es. &#8211; m\u00e4ht nix! &#8211; et k\u00fctt, wie et k\u00fctt! &#8211; et h\u00e4t noch immer jot jejange. &#8211; wat fott es, es fott. &#8211; jede jeck es &hellip; <a href=\"https:\/\/rainerstahl.de\/\">Continue reading <span class=\"meta-nav\">&rarr;<\/span><\/a><\/p>\n","protected":false},"author":2,"featured_media":229,"parent":0,"menu_order":0,"comment_status":"closed","ping_status":"closed","template":"","meta":{"footnotes":""},"class_list":["post-32","page","type-page","status-publish","has-post-thumbnail","hentry"],"yoast_head":"<!-- This site is optimized with the Yoast SEO plugin v27.4 - https:\/\/yoast.com\/product\/yoast-seo-wordpress\/ -->\n<title>Rainer Stahl, Wachtberg, near Bonn<\/title>\n<meta name=\"description\" content=\"Rainer Stahl from Wachtberg near Bonn, working at the Institute of Innate Immunity in the Group of Prof. Eicke Latz as a Senior Technican\" \/>\n<meta name=\"robots\" content=\"index, follow, max-snippet:-1, max-image-preview:large, max-video-preview:-1\" \/>\n<link rel=\"canonical\" href=\"https:\/\/rainerstahl.de\/\" \/>\n<meta property=\"og:locale\" content=\"en_US\" \/>\n<meta property=\"og:type\" content=\"article\" \/>\n<meta property=\"og:title\" content=\"Rainer Stahl, Wachtberg, near Bonn\" \/>\n<meta property=\"og:description\" content=\"Rainer Stahl from Wachtberg near Bonn, working at the Institute of Innate Immunity in the Group of Prof. Eicke Latz as a Senior Technican\" \/>\n<meta property=\"og:url\" content=\"https:\/\/rainerstahl.de\/\" \/>\n<meta property=\"og:site_name\" content=\"Rainer Stahl, Wachtberg near Bonn\" \/>\n<meta property=\"article:publisher\" content=\"https:\/\/www.facebook.com\/rainer.stahl1\" \/>\n<meta property=\"article:modified_time\" content=\"2026-03-15T17:52:07+00:00\" \/>\n<meta property=\"og:image\" content=\"https:\/\/rainerstahl.de\/wp-content\/uploads\/2012\/05\/2010-Rheingrillen-Zigarre-011.png\" \/>\n\t<meta property=\"og:image:width\" content=\"450\" \/>\n\t<meta property=\"og:image:height\" content=\"600\" \/>\n\t<meta property=\"og:image:type\" content=\"image\/png\" \/>\n<meta name=\"twitter:card\" content=\"summary_large_image\" \/>\n<meta name=\"twitter:site\" content=\"@6egg\" \/>\n<meta name=\"twitter:label1\" content=\"Est. reading time\" \/>\n\t<meta name=\"twitter:data1\" content=\"1 minute\" \/>\n<script type=\"application\/ld+json\" class=\"yoast-schema-graph\">{\"@context\":\"https:\\\/\\\/schema.org\",\"@graph\":[{\"@type\":\"WebPage\",\"@id\":\"https:\\\/\\\/rainerstahl.de\\\/\",\"url\":\"https:\\\/\\\/rainerstahl.de\\\/\",\"name\":\"Rainer Stahl, Wachtberg, near Bonn\",\"isPartOf\":{\"@id\":\"https:\\\/\\\/rainerstahl.de\\\/#website\"},\"primaryImageOfPage\":{\"@id\":\"https:\\\/\\\/rainerstahl.de\\\/#primaryimage\"},\"image\":{\"@id\":\"https:\\\/\\\/rainerstahl.de\\\/#primaryimage\"},\"thumbnailUrl\":\"https:\\\/\\\/rainerstahl.de\\\/wp-content\\\/uploads\\\/2012\\\/05\\\/2010-Rheingrillen-Zigarre-011.png\",\"datePublished\":\"2012-05-18T19:43:07+00:00\",\"dateModified\":\"2026-03-15T17:52:07+00:00\",\"description\":\"Rainer Stahl from Wachtberg near Bonn, working at the Institute of Innate Immunity in the Group of Prof. Eicke Latz as a Senior Technican\",\"breadcrumb\":{\"@id\":\"https:\\\/\\\/rainerstahl.de\\\/#breadcrumb\"},\"inLanguage\":\"en-US\",\"potentialAction\":[{\"@type\":\"ReadAction\",\"target\":[\"https:\\\/\\\/rainerstahl.de\\\/\"]}]},{\"@type\":\"ImageObject\",\"inLanguage\":\"en-US\",\"@id\":\"https:\\\/\\\/rainerstahl.de\\\/#primaryimage\",\"url\":\"https:\\\/\\\/rainerstahl.de\\\/wp-content\\\/uploads\\\/2012\\\/05\\\/2010-Rheingrillen-Zigarre-011.png\",\"contentUrl\":\"https:\\\/\\\/rainerstahl.de\\\/wp-content\\\/uploads\\\/2012\\\/05\\\/2010-Rheingrillen-Zigarre-011.png\",\"width\":\"450\",\"height\":\"600\",\"caption\":\"Why should I care at all?\"},{\"@type\":\"BreadcrumbList\",\"@id\":\"https:\\\/\\\/rainerstahl.de\\\/#breadcrumb\",\"itemListElement\":[{\"@type\":\"ListItem\",\"position\":1,\"name\":\"Startseite\",\"item\":\"https:\\\/\\\/rainerstahl.de\\\/\"},{\"@type\":\"ListItem\",\"position\":2,\"name\":\"Rainer Stahl from Wachtberg\"}]},{\"@type\":\"WebSite\",\"@id\":\"https:\\\/\\\/rainerstahl.de\\\/#website\",\"url\":\"https:\\\/\\\/rainerstahl.de\\\/\",\"name\":\"Rainer Stahl\",\"description\":\"\",\"potentialAction\":[{\"@type\":\"SearchAction\",\"target\":{\"@type\":\"EntryPoint\",\"urlTemplate\":\"https:\\\/\\\/rainerstahl.de\\\/?s={search_term_string}\"},\"query-input\":{\"@type\":\"PropertyValueSpecification\",\"valueRequired\":true,\"valueName\":\"search_term_string\"}}],\"inLanguage\":\"en-US\"}]}<\/script>\n<!-- \/ Yoast SEO plugin. -->","yoast_head_json":{"title":"Rainer Stahl, Wachtberg, near Bonn","description":"Rainer Stahl from Wachtberg near Bonn, working at the Institute of Innate Immunity in the Group of Prof. Eicke Latz as a Senior Technican","robots":{"index":"index","follow":"follow","max-snippet":"max-snippet:-1","max-image-preview":"max-image-preview:large","max-video-preview":"max-video-preview:-1"},"canonical":"https:\/\/rainerstahl.de\/","og_locale":"en_US","og_type":"article","og_title":"Rainer Stahl, Wachtberg, near Bonn","og_description":"Rainer Stahl from Wachtberg near Bonn, working at the Institute of Innate Immunity in the Group of Prof. Eicke Latz as a Senior Technican","og_url":"https:\/\/rainerstahl.de\/","og_site_name":"Rainer Stahl, Wachtberg near Bonn","article_publisher":"https:\/\/www.facebook.com\/rainer.stahl1","article_modified_time":"2026-03-15T17:52:07+00:00","og_image":[{"width":450,"height":600,"url":"https:\/\/rainerstahl.de\/wp-content\/uploads\/2012\/05\/2010-Rheingrillen-Zigarre-011.png","type":"image\/png"}],"twitter_card":"summary_large_image","twitter_site":"@6egg","twitter_misc":{"Est. reading time":"1 minute"},"schema":{"@context":"https:\/\/schema.org","@graph":[{"@type":"WebPage","@id":"https:\/\/rainerstahl.de\/","url":"https:\/\/rainerstahl.de\/","name":"Rainer Stahl, Wachtberg, near Bonn","isPartOf":{"@id":"https:\/\/rainerstahl.de\/#website"},"primaryImageOfPage":{"@id":"https:\/\/rainerstahl.de\/#primaryimage"},"image":{"@id":"https:\/\/rainerstahl.de\/#primaryimage"},"thumbnailUrl":"https:\/\/rainerstahl.de\/wp-content\/uploads\/2012\/05\/2010-Rheingrillen-Zigarre-011.png","datePublished":"2012-05-18T19:43:07+00:00","dateModified":"2026-03-15T17:52:07+00:00","description":"Rainer Stahl from Wachtberg near Bonn, working at the Institute of Innate Immunity in the Group of Prof. Eicke Latz as a Senior Technican","breadcrumb":{"@id":"https:\/\/rainerstahl.de\/#breadcrumb"},"inLanguage":"en-US","potentialAction":[{"@type":"ReadAction","target":["https:\/\/rainerstahl.de\/"]}]},{"@type":"ImageObject","inLanguage":"en-US","@id":"https:\/\/rainerstahl.de\/#primaryimage","url":"https:\/\/rainerstahl.de\/wp-content\/uploads\/2012\/05\/2010-Rheingrillen-Zigarre-011.png","contentUrl":"https:\/\/rainerstahl.de\/wp-content\/uploads\/2012\/05\/2010-Rheingrillen-Zigarre-011.png","width":"450","height":"600","caption":"Why should I care at all?"},{"@type":"BreadcrumbList","@id":"https:\/\/rainerstahl.de\/#breadcrumb","itemListElement":[{"@type":"ListItem","position":1,"name":"Startseite","item":"https:\/\/rainerstahl.de\/"},{"@type":"ListItem","position":2,"name":"Rainer Stahl from Wachtberg"}]},{"@type":"WebSite","@id":"https:\/\/rainerstahl.de\/#website","url":"https:\/\/rainerstahl.de\/","name":"Rainer Stahl","description":"","potentialAction":[{"@type":"SearchAction","target":{"@type":"EntryPoint","urlTemplate":"https:\/\/rainerstahl.de\/?s={search_term_string}"},"query-input":{"@type":"PropertyValueSpecification","valueRequired":true,"valueName":"search_term_string"}}],"inLanguage":"en-US"}]}},"_links":{"self":[{"href":"https:\/\/rainerstahl.de\/index.php?rest_route=\/wp\/v2\/pages\/32","targetHints":{"allow":["GET"]}}],"collection":[{"href":"https:\/\/rainerstahl.de\/index.php?rest_route=\/wp\/v2\/pages"}],"about":[{"href":"https:\/\/rainerstahl.de\/index.php?rest_route=\/wp\/v2\/types\/page"}],"author":[{"embeddable":true,"href":"https:\/\/rainerstahl.de\/index.php?rest_route=\/wp\/v2\/users\/2"}],"replies":[{"embeddable":true,"href":"https:\/\/rainerstahl.de\/index.php?rest_route=%2Fwp%2Fv2%2Fcomments&post=32"}],"version-history":[{"count":37,"href":"https:\/\/rainerstahl.de\/index.php?rest_route=\/wp\/v2\/pages\/32\/revisions"}],"predecessor-version":[{"id":1036,"href":"https:\/\/rainerstahl.de\/index.php?rest_route=\/wp\/v2\/pages\/32\/revisions\/1036"}],"wp:featuredmedia":[{"embeddable":true,"href":"https:\/\/rainerstahl.de\/index.php?rest_route=\/wp\/v2\/media\/229"}],"wp:attachment":[{"href":"https:\/\/rainerstahl.de\/index.php?rest_route=%2Fwp%2Fv2%2Fmedia&parent=32"}],"curies":[{"name":"wp","href":"https:\/\/api.w.org\/{rel}","templated":true}]}}